{"id":11,"date":"2023-03-29T21:01:49","date_gmt":"2023-03-29T21:01:49","guid":{"rendered":"https:\/\/makutano.at\/?page_id=11"},"modified":"2024-10-23T22:09:43","modified_gmt":"2024-10-23T22:09:43","slug":"home","status":"publish","type":"page","link":"https:\/\/makutano.at\/index.php\/home\/","title":{"rendered":"Home"},"content":{"rendered":"<div class=\"wp-block-cover alignfull\" style=\"min-height:700px;aspect-ratio:unset;\"><span aria-hidden=\"true\" class=\"wp-block-cover__background has-background-dim-0 has-background-dim\"><\/span><img fetchpriority=\"high\" decoding=\"async\" width=\"1024\" height=\"768\" class=\"wp-block-cover__image-background wp-image-153\" alt=\"\" src=\"https:\/\/makutano.at\/wp-content\/uploads\/2023\/05\/WhatsApp-Image-2023-04-17-at-16.57.49-5.jpeg\" data-object-fit=\"cover\" srcset=\"https:\/\/makutano.at\/wp-content\/uploads\/2023\/05\/WhatsApp-Image-2023-04-17-at-16.57.49-5.jpeg 1024w, https:\/\/makutano.at\/wp-content\/uploads\/2023\/05\/WhatsApp-Image-2023-04-17-at-16.57.49-5-150x113.jpeg 150w, https:\/\/makutano.at\/wp-content\/uploads\/2023\/05\/WhatsApp-Image-2023-04-17-at-16.57.49-5-600x450.jpeg 600w, https:\/\/makutano.at\/wp-content\/uploads\/2023\/05\/WhatsApp-Image-2023-04-17-at-16.57.49-5-300x225.jpeg 300w, https:\/\/makutano.at\/wp-content\/uploads\/2023\/05\/WhatsApp-Image-2023-04-17-at-16.57.49-5-768x576.jpeg 768w\" sizes=\"(max-width: 1024px) 100vw, 1024px\" \/><div class=\"wp-block-cover__inner-container is-layout-flow wp-block-cover-is-layout-flow\"><div style=\"height:80px\" aria-hidden=\"true\" class=\"wp-block-spacer\"><\/div>\n\n<h1 class=\"wp-block-heading has-text-align-center has-luminous-vivid-amber-color has-text-color\">MAKUTANO<\/h1>\n\n<p class=\"has-text-align-center has-text-color\" style=\"color:#121212;font-size:17px\">Kultur, Vernetzung, Kiswahili<\/p>\n\n<p class=\"has-text-align-center\"><strong>MAKUTANO ist das Kiswahili-Wort f\u00fcr Kreuzung, was symbolisch f\u00fcr einen Treffpunkt von mehreren Personen stehen soll. MAKUTANO steht f\u00fcr die Vermittlung und Vernetzung der zwei L\u00e4nder Tansania und \u00d6sterreich. Sozio- Kulturelle Aspekte (\u00d6sterreichische sowohl auch Tansanische (Swahili) werden in Form von Vortr\u00e4gen, Kulturvermittlung und Networking miteinander verbunden.<\/strong> <\/p>\n\n<div class=\"wp-block-buttons is-content-justification-center is-layout-flex wp-container-core-buttons-is-layout-1 wp-block-buttons-is-layout-flex\"><div class=\"wp-block-button is-style-primary\"><a class=\"wp-block-button__link wp-element-button\" href=\"\/index.php\/portofolio\/\">Projekte<\/a><\/div>\n\n<div class=\"wp-block-button is-style-secondary\"><a class=\"wp-block-button__link wp-element-button\" href=\"\/index.php\/sprachkurse-2\/\" target=\"_blank\" rel=\"noreferrer noopener\">Sprachkurse<\/a><\/div><\/div>\n\n<div style=\"height:80px\" aria-hidden=\"true\" class=\"wp-block-spacer\"><\/div>\n\n<div style=\"height:80px\" aria-hidden=\"true\" class=\"wp-block-spacer\"><\/div>\n\n<p><\/p><\/div><\/div><div style=\"height:80px\" aria-hidden=\"true\" class=\"wp-block-spacer\"><\/div><div class=\"wp-block-columns is-layout-flex wp-container-core-columns-is-layout-1 wp-block-columns-is-layout-flex\"><div class=\"wp-block-column is-layout-flow wp-block-column-is-layout-flow\"><div class=\"wp-block-image icon-style is-style-default\"><figure class=\"aligncenter is-resized\"><img decoding=\"async\" src=\"https:\/\/makutano.at\/wp-content\/themes\/neve\/assets\/img\/starter-content\/icon-03.svg\" alt=\"\" style=\"width:48px;height:48px\"\/><\/figure><\/div>\n\n<h3 class=\"wp-block-heading has-text-align-center has-neve-text-color-color has-text-color\">Kulturvernetzung<\/h3>\n\n<ul class=\"wp-block-list\"><li>Vermittlung von verschiedenen k\u00fcnstlerischen Aspekten, Film und Musik.<\/li>\n\n<li>Verst\u00e4ndnis der beiden Kulturen gewinnen<\/li>\n\n<li>Kulturaustausch<\/li>\n\n<li>Ausstellungen diverser Kunstwerke aus Tanzania<\/li>\n\n<li>Kulturelle Aspekte bewusst machen und verbinden<\/li>\n\n<li>Theater- Theaterproben, Theaterabende, Theaterworkshops<\/li><\/ul>\n\n<div style=\"height:20px\" aria-hidden=\"true\" class=\"wp-block-spacer\"><\/div><\/div>\n\n<div class=\"wp-block-column is-layout-flow wp-block-column-is-layout-flow\"><div class=\"wp-block-image icon-style is-style-default\"><figure class=\"aligncenter is-resized\"><img decoding=\"async\" src=\"https:\/\/makutano.at\/wp-content\/themes\/neve\/assets\/img\/starter-content\/icon-02.svg\" alt=\"\" style=\"width:48px;height:48px\"\/><\/figure><\/div>\n\n<h3 class=\"wp-block-heading has-text-align-center has-neve-text-color-color has-text-color\">Literatur und Theater<\/h3>\n\n<ul class=\"wp-block-list\"><li>Organisation von diversen \u00d6sterreich Swahili- Literatur Veranstaltungen wie, Lesungen, Literatur- Abende, Pr\u00e4sentation von B\u00fcchern, diverse Arten von schriftlicher Kunst, Poesie und Oral Literatur.<\/li>\n\n<li>Literarische Begegnungen<\/li>\n\n<li>Lesungen<\/li>\n\n<li>Oral Literatur<\/li>\n\n<li>Poesie<\/li>\n\n<li>Workshops<\/li>\n\n<li>Poetry Slams<\/li><\/ul><\/div>\n\n<div class=\"wp-block-column is-layout-flow wp-block-column-is-layout-flow\"><div class=\"wp-block-image icon-style is-style-rounded\"><figure class=\"aligncenter is-resized\"><img decoding=\"async\" src=\"https:\/\/makutano.at\/wp-content\/themes\/neve\/assets\/img\/starter-content\/icon-01.svg\" alt=\"\" style=\"width:48px;height:48px\"\/><\/figure><\/div>\n\n<h3 class=\"wp-block-heading has-text-align-center has-neve-text-color-color has-text-color\">Qualitativ hochwertige Sprachkurse<\/h3>\n\n<ul class=\"wp-block-list\"><li>Native Speaker Swahili- Sprachkurse f\u00fcr Anf\u00e4nger und Fortgeschrittene<\/li>\n\n<li>Kurse f\u00fcr Erwachsene, Kinder und Reisende die entweder nach Tansania reisen wollen, die Sprache einfach lernen oder sich mit der Sprache besch\u00e4ftigen wollen.<\/li>\n\n<li>Es werden auch Deutschkurse f\u00fcr die in \u00d6sterreich lebenden TanzanianerInnen, die ihre Sprachkenntnisse verbessern wollen, angeboten.<\/li>\n\n<li>\u00dcbersetzungen von verschieden Werken (Texte, Film, Audio Material etc.) Von Deutsch nach Swahili oder von Swahili ins Deutsch etc.<\/li>\n\n<li>Swahili Kurs f\u00fcr Kinder und Jugendliche<\/li><\/ul>\n\n<div style=\"height:20px\" aria-hidden=\"true\" class=\"wp-block-spacer\"><\/div><\/div><\/div><div style=\"height:80px\" aria-hidden=\"true\" class=\"wp-block-spacer\"><\/div><div class=\"wp-block-cover alignfull\" style=\"min-height:600px;aspect-ratio:unset;\"><span aria-hidden=\"true\" class=\"wp-block-cover__background has-nv-light-bg-background-color has-background-dim-100 has-background-dim\"><\/span><div class=\"wp-block-cover__inner-container is-layout-flow wp-block-cover-is-layout-flow\"><div class=\"wp-block-group\"><div class=\"wp-block-group__inner-container is-layout-flow wp-block-group-is-layout-flow\"><div style=\"height:80px\" aria-hidden=\"true\" class=\"wp-block-spacer\"><\/div>\n\n<div class=\"wp-block-columns are-vertically-aligned-center is-layout-flex wp-container-core-columns-is-layout-2 wp-block-columns-is-layout-flex\"><div class=\"wp-block-column is-vertically-aligned-center is-layout-flow wp-block-column-is-layout-flow\" style=\"flex-basis:50%\"><figure class=\"wp-block-image size-full is-resized\"><img decoding=\"async\" width=\"768\" height=\"1024\" src=\"https:\/\/makutano.at\/wp-content\/uploads\/2023\/05\/WhatsApp-Image-2023-04-17-at-16.57.49.jpeg\" alt=\"\" class=\"wp-image-156\" style=\"width:547px;height:729px\" srcset=\"https:\/\/makutano.at\/wp-content\/uploads\/2023\/05\/WhatsApp-Image-2023-04-17-at-16.57.49.jpeg 768w, https:\/\/makutano.at\/wp-content\/uploads\/2023\/05\/WhatsApp-Image-2023-04-17-at-16.57.49-113x150.jpeg 113w, https:\/\/makutano.at\/wp-content\/uploads\/2023\/05\/WhatsApp-Image-2023-04-17-at-16.57.49-600x800.jpeg 600w, https:\/\/makutano.at\/wp-content\/uploads\/2023\/05\/WhatsApp-Image-2023-04-17-at-16.57.49-225x300.jpeg 225w\" sizes=\"(max-width: 768px) 100vw, 768px\" \/><\/figure><\/div>\n\n<div class=\"wp-block-column is-vertically-aligned-center is-layout-flow wp-block-column-is-layout-flow\" style=\"flex-basis:50%\"><div style=\"height:20px\" aria-hidden=\"true\" class=\"wp-block-spacer\"><\/div>\n\n<h2 class=\"wp-block-heading has-text-align-left has-neve-text-color-color has-text-color\">Tanzania<\/h2>\n\n<p class=\"has-text-align-left has-neve-text-color-color has-text-color\" style=\"font-size:17px\">F\u00fcr Reisende nach Tanzania oder Interessierte gibt es bei Makutano Informationen \u00fcber Land und Leute, aber auch Reiseanbieter, Attraktionen und Unterk\u00fcnfte.<\/p>\n\n<div class=\"wp-block-buttons is-content-justification-left is-layout-flex wp-container-core-buttons-is-layout-2 wp-block-buttons-is-layout-flex\"><div class=\"wp-block-button is-style-primary\"><a class=\"wp-block-button__link wp-element-button\" href=\"\/index.php\/tanzania\/\" target=\"_blank\" rel=\"noreferrer noopener\">LEARN MORE<\/a><\/div><\/div><\/div><\/div>\n\n<div style=\"height:40px\" aria-hidden=\"true\" class=\"wp-block-spacer\"><\/div><\/div><\/div><\/div><\/div><div class=\"wp-block-cover alignfull\" style=\"min-height:600px;aspect-ratio:unset;\"><span aria-hidden=\"true\" class=\"wp-block-cover__background has-nv-site-bg-background-color has-background-dim-100 has-background-dim\"><\/span><div class=\"wp-block-cover__inner-container is-layout-flow wp-block-cover-is-layout-flow\"><div class=\"wp-block-group\"><div class=\"wp-block-group__inner-container is-layout-flow wp-block-group-is-layout-flow\"><div style=\"height:80px\" aria-hidden=\"true\" class=\"wp-block-spacer\"><\/div>\n\n<div class=\"wp-block-columns are-vertically-aligned-center is-layout-flex wp-container-core-columns-is-layout-3 wp-block-columns-is-layout-flex\"><div class=\"wp-block-column is-vertically-aligned-center is-layout-flow wp-block-column-is-layout-flow\" style=\"flex-basis:50%\"><h2 class=\"wp-block-heading has-text-align-left has-neve-text-color-color has-text-color\">Kiswahili<\/h2>\n\n<p class=\"has-text-align-left has-neve-text-color-color has-text-color\" style=\"font-size:17px\">Kiswahili geh\u00f6rt zur Bantu- Sprachfamilie und ist haupts\u00e4chlich in Ostafrika verbreitet&#8230;.<\/p>\n\n<div class=\"wp-block-buttons is-content-justification-left is-layout-flex wp-container-core-buttons-is-layout-3 wp-block-buttons-is-layout-flex\"><div class=\"wp-block-button is-style-primary\"><a class=\"wp-block-button__link wp-element-button\" href=\"\/index.php\/kiswahili\/\">LEARN MORE<\/a><\/div><\/div>\n\n<div style=\"height:40px\" aria-hidden=\"true\" class=\"wp-block-spacer\"><\/div><\/div>\n\n<div class=\"wp-block-column is-vertically-aligned-center is-layout-flow wp-block-column-is-layout-flow\" style=\"flex-basis:50%\"><figure class=\"wp-block-image size-large\"><img decoding=\"async\" width=\"823\" height=\"1024\" src=\"https:\/\/makutano.at\/wp-content\/uploads\/2023\/05\/WhatsApp-Image-2023-05-03-at-15.45.36-1-823x1024.jpeg\" alt=\"\" class=\"wp-image-170\" srcset=\"https:\/\/makutano.at\/wp-content\/uploads\/2023\/05\/WhatsApp-Image-2023-05-03-at-15.45.36-1-823x1024.jpeg 823w, https:\/\/makutano.at\/wp-content\/uploads\/2023\/05\/WhatsApp-Image-2023-05-03-at-15.45.36-1-121x150.jpeg 121w, https:\/\/makutano.at\/wp-content\/uploads\/2023\/05\/WhatsApp-Image-2023-05-03-at-15.45.36-1-600x746.jpeg 600w, https:\/\/makutano.at\/wp-content\/uploads\/2023\/05\/WhatsApp-Image-2023-05-03-at-15.45.36-1-241x300.jpeg 241w, https:\/\/makutano.at\/wp-content\/uploads\/2023\/05\/WhatsApp-Image-2023-05-03-at-15.45.36-1-768x955.jpeg 768w, https:\/\/makutano.at\/wp-content\/uploads\/2023\/05\/WhatsApp-Image-2023-05-03-at-15.45.36-1.jpeg 1080w\" sizes=\"(max-width: 823px) 100vw, 823px\" \/><\/figure><\/div><\/div>\n\n<div style=\"height:40px\" aria-hidden=\"true\" class=\"wp-block-spacer\"><\/div><\/div><\/div><\/div><\/div><div class=\"wp-block-cover alignfull\" style=\"min-height:600px;aspect-ratio:unset;\"><span aria-hidden=\"true\" class=\"wp-block-cover__background has-nv-dark-bg-background-color has-background-dim-100 has-background-dim\"><\/span><div class=\"wp-block-cover__inner-container is-layout-flow wp-block-cover-is-layout-flow\"><div class=\"wp-block-group\"><div class=\"wp-block-group__inner-container is-layout-flow wp-block-group-is-layout-flow\"><div style=\"height:80px\" aria-hidden=\"true\" class=\"wp-block-spacer\"><\/div>\n\n<div class=\"wp-block-columns are-vertically-aligned-center is-layout-flex wp-container-core-columns-is-layout-4 wp-block-columns-is-layout-flex\"><div class=\"wp-block-column is-vertically-aligned-center is-layout-flow wp-block-column-is-layout-flow\" style=\"flex-basis:50%\"><figure class=\"wp-block-image size-full\"><img loading=\"lazy\" decoding=\"async\" width=\"1024\" height=\"556\" src=\"https:\/\/makutano.at\/wp-content\/uploads\/2023\/05\/PHOTO-2023-05-16-07-32-59.jpg\" alt=\"\" class=\"wp-image-183\" srcset=\"https:\/\/makutano.at\/wp-content\/uploads\/2023\/05\/PHOTO-2023-05-16-07-32-59.jpg 1024w, https:\/\/makutano.at\/wp-content\/uploads\/2023\/05\/PHOTO-2023-05-16-07-32-59-150x81.jpg 150w, https:\/\/makutano.at\/wp-content\/uploads\/2023\/05\/PHOTO-2023-05-16-07-32-59-600x326.jpg 600w, https:\/\/makutano.at\/wp-content\/uploads\/2023\/05\/PHOTO-2023-05-16-07-32-59-300x163.jpg 300w, https:\/\/makutano.at\/wp-content\/uploads\/2023\/05\/PHOTO-2023-05-16-07-32-59-768x417.jpg 768w\" sizes=\"(max-width: 1024px) 100vw, 1024px\" \/><\/figure><\/div>\n\n<div class=\"wp-block-column is-vertically-aligned-center is-layout-flow wp-block-column-is-layout-flow\" style=\"flex-basis:50%\"><div style=\"height:40px\" aria-hidden=\"true\" class=\"wp-block-spacer\"><\/div>\n\n<h2 class=\"wp-block-heading has-text-align-left has-nv-text-dark-bg-color has-text-color\">Kulinarik<\/h2>\n\n<p>Makutano organisiert  Koch- und Backworkshops wie zum Beispiel:<\/p>\n\n<ul class=\"wp-block-list\"><li>Gew\u00fcrz- Workshops und Herstellung von verschiedenen tropischen\/afrikanischen Gew\u00fcrzen<\/li>\n\n<li>Dinner und Tee Abende<\/li>\n\n<li>Zusammenstellung von verschiedenen Kochrezepten sowohl auch Diskussionen rund um das Thema Essen.<\/li>\n\n<li>Kultur Caf\u00e9<\/li><\/ul>\n\n<div class=\"wp-block-buttons is-content-justification-left is-layout-flex wp-container-core-buttons-is-layout-4 wp-block-buttons-is-layout-flex\"><\/div><\/div><\/div>\n\n<div style=\"height:40px\" aria-hidden=\"true\" class=\"wp-block-spacer\"><\/div><\/div><\/div><\/div><\/div><div style=\"height:40px\" aria-hidden=\"true\" class=\"wp-block-spacer\"><\/div><div class=\"wp-block-cover alignfull\" style=\"min-height:600px;aspect-ratio:unset;\"><span aria-hidden=\"true\" class=\"wp-block-cover__background has-nv-site-bg-background-color has-background-dim-100 has-background-dim\"><\/span><div class=\"wp-block-cover__inner-container is-layout-flow wp-block-cover-is-layout-flow\"><div class=\"wp-block-group\"><div class=\"wp-block-group__inner-container is-layout-flow wp-block-group-is-layout-flow\"><div style=\"height:80px\" aria-hidden=\"true\" class=\"wp-block-spacer\"><\/div>\n\n<h2 class=\"wp-block-heading has-neve-text-color-color has-text-color\">Projekte<\/h2>\n\n<div style=\"height:20px\" aria-hidden=\"true\" class=\"wp-block-spacer\"><\/div>\n\n<div class=\"wp-block-columns are-vertically-aligned-center is-layout-flex wp-container-core-columns-is-layout-5 wp-block-columns-is-layout-flex\"><div class=\"wp-block-column is-vertically-aligned-center is-layout-flow wp-block-column-is-layout-flow\" style=\"flex-basis:50%\"><figure class=\"wp-block-image\"><a href=\"#\"><img decoding=\"async\" src=\"https:\/\/makutano.at\/wp-content\/themes\/neve\/assets\/img\/starter-content\/card-02.jpg\" alt=\"\"\/><\/a><\/figure>\n\n<div style=\"height:40px\" aria-hidden=\"true\" class=\"wp-block-spacer\"><\/div><\/div>\n\n<div class=\"wp-block-column is-vertically-aligned-center is-layout-flow wp-block-column-is-layout-flow\" style=\"flex-basis:50%\"><figure class=\"wp-block-image\"><a href=\"#\"><img decoding=\"async\" src=\"https:\/\/makutano.at\/wp-content\/themes\/neve\/assets\/img\/starter-content\/card-01.jpg\" alt=\"\"\/><\/a><\/figure>\n\n<div style=\"height:40px\" aria-hidden=\"true\" class=\"wp-block-spacer\"><\/div><\/div><\/div>\n\n<div style=\"height:40px\" aria-hidden=\"true\" class=\"wp-block-spacer\"><\/div><\/div><\/div><\/div><\/div><div class=\"wp-block-cover alignfull\" style=\"min-height:420px;aspect-ratio:unset;\"><span aria-hidden=\"true\" class=\"wp-block-cover__background has-nv-light-bg-background-color has-background-dim-100 has-background-dim\"><\/span><div class=\"wp-block-cover__inner-container is-layout-flow wp-block-cover-is-layout-flow\"><div style=\"height:80px\" aria-hidden=\"true\" class=\"wp-block-spacer\"><\/div>\n\n<div class=\"wp-block-columns is-layout-flex wp-container-core-columns-is-layout-6 wp-block-columns-is-layout-flex\"><div class=\"wp-block-column is-layout-flow wp-block-column-is-layout-flow\"><p class=\"has-text-align-left has-neve-text-color-color has-text-color has-normal-font-size\"><\/p>\n\n<div style=\"height:20px\" aria-hidden=\"true\" class=\"wp-block-spacer\"><\/div><\/div>\n\n<div class=\"wp-block-column is-layout-flow wp-block-column-is-layout-flow\"><div class=\"wp-block-image is-style-rounded\"><figure class=\"aligncenter size-full is-resized\"><img loading=\"lazy\" decoding=\"async\" width=\"194\" height=\"259\" src=\"https:\/\/makutano.at\/wp-content\/uploads\/2023\/05\/download.jpg\" alt=\"\" class=\"wp-image-161\" style=\"width:91px;height:121px\" srcset=\"https:\/\/makutano.at\/wp-content\/uploads\/2023\/05\/download.jpg 194w, https:\/\/makutano.at\/wp-content\/uploads\/2023\/05\/download-112x150.jpg 112w\" sizes=\"(max-width: 194px) 100vw, 194px\" \/><\/figure><\/div>\n\n<p class=\"has-text-align-center has-neve-text-color-color has-text-color has-normal-font-size\">&#8220;Education is not a way to escape poverty it\u00b4s a way to fight it. &#8220;<\/p>\n\n<p class=\"has-text-align-center has-neve-text-color-color has-text-color\">Julius Nyerere<\/p>\n\n<div style=\"height:20px\" aria-hidden=\"true\" class=\"wp-block-spacer\"><\/div><\/div>\n\n<div class=\"wp-block-column is-layout-flow wp-block-column-is-layout-flow\"><p class=\"has-text-align-left has-neve-text-color-color has-text-color has-normal-font-size\"><\/p>\n\n<div style=\"height:20px\" aria-hidden=\"true\" class=\"wp-block-spacer\"><\/div><\/div><\/div>\n\n<div style=\"height:30px\" aria-hidden=\"true\" class=\"wp-block-spacer\"><\/div><\/div><\/div><div class=\"wp-block-cover alignfull\" style=\"min-height:300px;aspect-ratio:unset;\"><span aria-hidden=\"true\" class=\"wp-block-cover__background has-nv-dark-bg-background-color has-background-dim-100 has-background-dim\"><\/span><div class=\"wp-block-cover__inner-container is-layout-flow wp-block-cover-is-layout-flow\"><div style=\"height:140px\" aria-hidden=\"true\" class=\"wp-block-spacer\"><\/div>\n\n<h2 class=\"wp-block-heading has-text-align-center has-nv-text-dark-bg-color has-text-color\">Book your language course<\/h2>\n\n<p class=\"has-text-align-center has-medium-font-size\">Hier kommen Sie zur Buchung von Sprachkursen<\/p>\n\n<div class=\"wp-block-buttons is-content-justification-center is-layout-flex wp-container-core-buttons-is-layout-5 wp-block-buttons-is-layout-flex\"><div class=\"wp-block-button is-style-primary\"><a class=\"wp-block-button__link wp-element-button\" href=\"\/index.php\/sprachkurse-2\/\" target=\"_blank\" rel=\"noreferrer noopener\">LEARN MORE<\/a><\/div><\/div>\n\n<div style=\"height:140px\" aria-hidden=\"true\" class=\"wp-block-spacer\"><\/div><\/div><\/div>","protected":false},"excerpt":{"rendered":"Kulturvernetzung Literatur und Theater Qualitativ hochwertige Sprachkurse","protected":false},"author":2,"featured_media":0,"parent":0,"menu_order":0,"comment_status":"closed","ping_status":"closed","template":"","meta":{"_acf_changed":false,"om_disable_all_campaigns":false,"_monsterinsights_skip_tracking":false,"_monsterinsights_sitenote_active":false,"_monsterinsights_sitenote_note":"","_monsterinsights_sitenote_category":0,"_uf_show_specific_survey":0,"_uf_disable_surveys":false,"footnotes":""},"class_list":["post-11","page","type-page","status-publish","hentry"],"acf":[],"aioseo_notices":[],"_links":{"self":[{"href":"https:\/\/makutano.at\/index.php\/wp-json\/wp\/v2\/pages\/11"}],"collection":[{"href":"https:\/\/makutano.at\/index.php\/wp-json\/wp\/v2\/pages"}],"about":[{"href":"https:\/\/makutano.at\/index.php\/wp-json\/wp\/v2\/types\/page"}],"author":[{"embeddable":true,"href":"https:\/\/makutano.at\/index.php\/wp-json\/wp\/v2\/users\/2"}],"replies":[{"embeddable":true,"href":"https:\/\/makutano.at\/index.php\/wp-json\/wp\/v2\/comments?post=11"}],"version-history":[{"count":25,"href":"https:\/\/makutano.at\/index.php\/wp-json\/wp\/v2\/pages\/11\/revisions"}],"predecessor-version":[{"id":228,"href":"https:\/\/makutano.at\/index.php\/wp-json\/wp\/v2\/pages\/11\/revisions\/228"}],"wp:attachment":[{"href":"https:\/\/makutano.at\/index.php\/wp-json\/wp\/v2\/media?parent=11"}],"curies":[{"name":"wp","href":"https:\/\/api.w.org\/{rel}","templated":true}]}}