{"id":12,"date":"2023-03-29T21:01:49","date_gmt":"2023-03-29T21:01:49","guid":{"rendered":"https:\/\/makutano.at\/?page_id=12"},"modified":"2023-05-16T05:45:01","modified_gmt":"2023-05-16T05:45:01","slug":"about","status":"publish","type":"page","link":"https:\/\/makutano.at\/index.php\/about\/","title":{"rendered":"About us"},"content":{"rendered":"<div class=\"wp-block-cover alignfull\" style=\"min-height:300px;aspect-ratio:unset;\"><span aria-hidden=\"true\" class=\"wp-block-cover__background has-nv-site-bg-background-color has-background-dim-100 has-background-dim\"><\/span><div class=\"wp-block-cover__inner-container is-layout-flow wp-block-cover-is-layout-flow\"><div class=\"wp-block-group\"><div class=\"wp-block-group__inner-container is-layout-flow wp-block-group-is-layout-flow\"><h1 class=\"wp-block-heading has-text-align-left has-neve-text-color-color has-text-color\">\u00dcber uns<\/h1>\n\n<p><\/p><\/div><\/div>\n\n<p><\/p><\/div><\/div><div class=\"wp-block-cover alignfull\" style=\"min-height:600px;aspect-ratio:unset;\"><span aria-hidden=\"true\" class=\"wp-block-cover__background has-nv-light-bg-background-color has-background-dim-100 has-background-dim\"><\/span><div class=\"wp-block-cover__inner-container is-layout-flow wp-block-cover-is-layout-flow\"><div class=\"wp-block-group\"><div class=\"wp-block-group__inner-container is-layout-flow wp-block-group-is-layout-flow\"><div style=\"height:80px\" aria-hidden=\"true\" class=\"wp-block-spacer\"><\/div>\n\n<div class=\"wp-block-columns are-vertically-aligned-center is-layout-flex wp-container-core-columns-is-layout-1 wp-block-columns-is-layout-flex\"><div class=\"wp-block-column is-vertically-aligned-center is-layout-flow wp-block-column-is-layout-flow\" style=\"flex-basis:50%\"><figure class=\"wp-block-image size-large is-resized\"><img fetchpriority=\"high\" decoding=\"async\" src=\"https:\/\/makutano.at\/wp-content\/uploads\/2023\/05\/WhatsApp-Image-2023-05-03-at-15.08.45-Kopie-3-1024x576.jpeg\" alt=\"\" class=\"wp-image-163\" width=\"545\" height=\"306\" srcset=\"https:\/\/makutano.at\/wp-content\/uploads\/2023\/05\/WhatsApp-Image-2023-05-03-at-15.08.45-Kopie-3-1024x576.jpeg 1024w, https:\/\/makutano.at\/wp-content\/uploads\/2023\/05\/WhatsApp-Image-2023-05-03-at-15.08.45-Kopie-3-150x84.jpeg 150w, https:\/\/makutano.at\/wp-content\/uploads\/2023\/05\/WhatsApp-Image-2023-05-03-at-15.08.45-Kopie-3-600x338.jpeg 600w, https:\/\/makutano.at\/wp-content\/uploads\/2023\/05\/WhatsApp-Image-2023-05-03-at-15.08.45-Kopie-3-300x169.jpeg 300w, https:\/\/makutano.at\/wp-content\/uploads\/2023\/05\/WhatsApp-Image-2023-05-03-at-15.08.45-Kopie-3-768x432.jpeg 768w, https:\/\/makutano.at\/wp-content\/uploads\/2023\/05\/WhatsApp-Image-2023-05-03-at-15.08.45-Kopie-3-1536x864.jpeg 1536w, https:\/\/makutano.at\/wp-content\/uploads\/2023\/05\/WhatsApp-Image-2023-05-03-at-15.08.45-Kopie-3.jpeg 2048w\" sizes=\"(max-width: 545px) 100vw, 545px\" \/><\/figure><\/div>\n\n<div class=\"wp-block-column is-vertically-aligned-center has-nv-dark-bg-color has-text-color is-layout-flow wp-block-column-is-layout-flow\" style=\"flex-basis:50%\"><p>MAKUTANO ist das Kiswahili-Wort f\u00fcr Kreuzung, was symbolisch f\u00fcr einen Treffpunkt von mehreren Personen stehen soll. Dieser gew\u00e4hlte Name steht somit f\u00fcr die Vermittlung und Vernetzung der zwei L\u00e4nder Tansania und \u00d6sterreich durch soziokulturelle (\u00d6sterreichische sowohl auch Tansanische (Swahili) Aspekte in Form von <strong>Vortr\u00e4gen, Kulturvermittlung und Networking<\/strong>. Zum Beispiel anhand von:<\/p>\n\n<ol class=\"wp-block-list\" type=\"i\" start=\"1\"><li>Literatur<\/li>\n\n<li>Sprache<\/li>\n\n<li>Tourismus<\/li>\n\n<li>Kulinarik<\/li>\n\n<li>Kunst und Kultur<\/li>\n\n<li>Dialog<\/li>\n\n<li>Networking<\/li>\n\n<li>Musik und Tanz<\/li><\/ol><\/div><\/div>\n\n<div style=\"height:40px\" aria-hidden=\"true\" class=\"wp-block-spacer\"><\/div><\/div><\/div><\/div><\/div><div class=\"wp-block-cover alignfull\" style=\"min-height:600px;aspect-ratio:unset;\"><span aria-hidden=\"true\" class=\"wp-block-cover__background has-nv-dark-bg-background-color has-background-dim-100 has-background-dim\"><\/span><div class=\"wp-block-cover__inner-container is-layout-flow wp-block-cover-is-layout-flow\"><div class=\"wp-block-group\"><div class=\"wp-block-group__inner-container is-layout-flow wp-block-group-is-layout-flow\"><div style=\"height:80px\" aria-hidden=\"true\" class=\"wp-block-spacer\"><\/div>\n\n<div class=\"wp-block-columns are-vertically-aligned-center is-layout-flex wp-container-core-columns-is-layout-2 wp-block-columns-is-layout-flex\"><div class=\"wp-block-column is-vertically-aligned-center is-layout-flow wp-block-column-is-layout-flow\" style=\"flex-basis:50%\"><h2 class=\"wp-block-heading has-nv-text-dark-bg-color has-text-color\">NETWORKING<\/h2>\n\n<ul class=\"wp-block-list\"><li>Swahili Stammtisch, wo eine sprachliche Begegnung stattfinden kann<\/li>\n\n<li>Diverse Spiel- Abende: Brettspiele, Kartenspiele<\/li>\n\n<li>Informationen zum Volontieren in Tansania <\/li>\n\n<li>Informationen f\u00fcr Studierende und Experten<\/li>\n\n<li>Flohm\u00e4rkte<\/li><\/ul>\n\n<div style=\"height:20px\" aria-hidden=\"true\" class=\"wp-block-spacer\"><\/div>\n\n<div class=\"wp-block-buttons is-layout-flex wp-block-buttons-is-layout-flex\"><\/div>\n\n<div style=\"height:20px\" aria-hidden=\"true\" class=\"wp-block-spacer\"><\/div><\/div>\n\n<div class=\"wp-block-column is-vertically-aligned-center is-layout-flow wp-block-column-is-layout-flow\" style=\"flex-basis:50%\"><figure class=\"wp-block-image size-large\"><img decoding=\"async\" width=\"1024\" height=\"760\" src=\"https:\/\/makutano.at\/wp-content\/uploads\/2023\/05\/WhatsApp-Image-2023-05-03-at-15.45.36-2-1024x760.jpeg\" alt=\"\" class=\"wp-image-172\" srcset=\"https:\/\/makutano.at\/wp-content\/uploads\/2023\/05\/WhatsApp-Image-2023-05-03-at-15.45.36-2-1024x760.jpeg 1024w, https:\/\/makutano.at\/wp-content\/uploads\/2023\/05\/WhatsApp-Image-2023-05-03-at-15.45.36-2-150x111.jpeg 150w, https:\/\/makutano.at\/wp-content\/uploads\/2023\/05\/WhatsApp-Image-2023-05-03-at-15.45.36-2-600x446.jpeg 600w, https:\/\/makutano.at\/wp-content\/uploads\/2023\/05\/WhatsApp-Image-2023-05-03-at-15.45.36-2-300x223.jpeg 300w, https:\/\/makutano.at\/wp-content\/uploads\/2023\/05\/WhatsApp-Image-2023-05-03-at-15.45.36-2-768x570.jpeg 768w, https:\/\/makutano.at\/wp-content\/uploads\/2023\/05\/WhatsApp-Image-2023-05-03-at-15.45.36-2.jpeg 1080w\" sizes=\"(max-width: 1024px) 100vw, 1024px\" \/><\/figure><\/div><\/div>\n\n<div style=\"height:40px\" aria-hidden=\"true\" class=\"wp-block-spacer\"><\/div><\/div><\/div><\/div><\/div><div class=\"wp-block-cover alignfull\" style=\"min-height:420px;aspect-ratio:unset;\"><span aria-hidden=\"true\" class=\"wp-block-cover__background has-nv-site-bg-background-color has-background-dim-100 has-background-dim\"><\/span><div class=\"wp-block-cover__inner-container is-layout-flow wp-block-cover-is-layout-flow\"><div style=\"height:80px\" aria-hidden=\"true\" class=\"wp-block-spacer\"><\/div>\n\n<div class=\"wp-block-columns is-layout-flex wp-container-core-columns-is-layout-3 wp-block-columns-is-layout-flex\"><div class=\"wp-block-column ticss-4ce656f1 is-layout-flow wp-block-column-is-layout-flow\"><figure class=\"wp-block-image is-resized icon-style is-style-rounded\"><img decoding=\"async\" src=\"https:\/\/makutano.at\/wp-content\/themes\/neve\/assets\/img\/starter-content\/icon-03.svg\" alt=\"\" width=\"48\" height=\"48\"\/><\/figure>\n\n<h3 class=\"wp-block-heading has-text-align-left has-text-align-center has-neve-text-color-color has-text-color\">Super Efficient<\/h3>\n\n<p class=\"has-text-align-left has-neve-text-color-color has-text-color\" style=\"font-size:15px\"><\/p>\n\n<div style=\"height:20px\" aria-hidden=\"true\" class=\"wp-block-spacer\"><\/div><\/div>\n\n<div class=\"wp-block-column ticss-f6fc7494 is-layout-flow wp-block-column-is-layout-flow\"><figure class=\"wp-block-image is-resized icon-style is-style-rounded\"><img decoding=\"async\" src=\"https:\/\/makutano.at\/wp-content\/themes\/neve\/assets\/img\/starter-content\/icon-03.svg\" alt=\"\" width=\"48\" height=\"48\"\/><\/figure>\n\n<h3 class=\"wp-block-heading has-text-align-left has-text-align-center has-neve-text-color-color has-text-color\">Deeply Committed<\/h3>\n\n<p class=\"has-text-align-left has-neve-text-color-color has-text-color\" style=\"font-size:15px\"><\/p>\n\n<div style=\"height:20px\" aria-hidden=\"true\" class=\"wp-block-spacer\"><\/div><\/div>\n\n<div class=\"wp-block-column ticss-a5b4df29 is-layout-flow wp-block-column-is-layout-flow\"><figure class=\"wp-block-image is-resized icon-style is-style-rounded\"><img decoding=\"async\" src=\"https:\/\/makutano.at\/wp-content\/themes\/neve\/assets\/img\/starter-content\/icon-03.svg\" alt=\"\" width=\"48\" height=\"48\"\/><\/figure>\n\n<h3 class=\"wp-block-heading has-text-align-left has-text-align-center has-neve-text-color-color has-text-color\">Highly Skilled<\/h3>\n\n<p class=\"has-text-align-left has-neve-text-color-color has-text-color\" style=\"font-size:15px\"><\/p>\n\n<div style=\"height:20px\" aria-hidden=\"true\" class=\"wp-block-spacer\"><\/div><\/div><\/div>\n\n<div style=\"height:30px\" aria-hidden=\"true\" class=\"wp-block-spacer\"><\/div><\/div><\/div><div class=\"wp-block-cover alignfull\" style=\"min-height:600px;aspect-ratio:unset;\"><span aria-hidden=\"true\" class=\"wp-block-cover__background has-nv-light-bg-background-color has-background-dim-100 has-background-dim\"><\/span><div class=\"wp-block-cover__inner-container is-layout-flow wp-block-cover-is-layout-flow\"><div class=\"wp-block-group\"><div class=\"wp-block-group__inner-container is-layout-flow wp-block-group-is-layout-flow\"><div style=\"height:80px\" aria-hidden=\"true\" class=\"wp-block-spacer\"><\/div>\n\n<div class=\"wp-block-columns is-layout-flex wp-container-core-columns-is-layout-4 wp-block-columns-is-layout-flex\"><div class=\"wp-block-column is-layout-flow wp-block-column-is-layout-flow\"><div class=\"wp-block-image is-style-default\"><figure class=\"aligncenter size-large is-resized\"><img loading=\"lazy\" decoding=\"async\" src=\"https:\/\/makutano.at\/wp-content\/uploads\/2023\/05\/WhatsApp-Image-2023-05-03-at-15.45.37-807x1024.jpeg\" alt=\"\" class=\"wp-image-167\" width=\"383\" height=\"487\" srcset=\"https:\/\/makutano.at\/wp-content\/uploads\/2023\/05\/WhatsApp-Image-2023-05-03-at-15.45.37-807x1024.jpeg 807w, https:\/\/makutano.at\/wp-content\/uploads\/2023\/05\/WhatsApp-Image-2023-05-03-at-15.45.37-118x150.jpeg 118w, https:\/\/makutano.at\/wp-content\/uploads\/2023\/05\/WhatsApp-Image-2023-05-03-at-15.45.37-600x761.jpeg 600w, https:\/\/makutano.at\/wp-content\/uploads\/2023\/05\/WhatsApp-Image-2023-05-03-at-15.45.37-236x300.jpeg 236w, https:\/\/makutano.at\/wp-content\/uploads\/2023\/05\/WhatsApp-Image-2023-05-03-at-15.45.37-768x974.jpeg 768w, https:\/\/makutano.at\/wp-content\/uploads\/2023\/05\/WhatsApp-Image-2023-05-03-at-15.45.37.jpeg 1080w\" sizes=\"(max-width: 383px) 100vw, 383px\" \/><\/figure><\/div>\n\n<h3 class=\"wp-block-heading has-text-align-center has-neve-text-color-color has-text-color\">Mfilinge NYALUSI, BA<\/h3>\n\n<p class=\"has-text-align-center has-neve-text-color-color has-text-color\">Ansprechperson und Referent<\/p>\n\n<ul class=\"wp-block-social-links aligncenter is-layout-flex wp-block-social-links-is-layout-flex\"><li class=\"wp-social-link wp-social-link-facebook  wp-block-social-link\"><a href=\"https:\/\/#\" class=\"wp-block-social-link-anchor\"><svg width=\"24\" height=\"24\" viewBox=\"0 0 24 24\" version=\"1.1\" xmlns=\"http:\/\/www.w3.org\/2000\/svg\" aria-hidden=\"true\" focusable=\"false\"><path d=\"M12 2C6.5 2 2 6.5 2 12c0 5 3.7 9.1 8.4 9.9v-7H7.9V12h2.5V9.8c0-2.5 1.5-3.9 3.8-3.9 1.1 0 2.2.2 2.2.2v2.5h-1.3c-1.2 0-1.6.8-1.6 1.6V12h2.8l-.4 2.9h-2.3v7C18.3 21.1 22 17 22 12c0-5.5-4.5-10-10-10z\"><\/path><\/svg><span class=\"wp-block-social-link-label screen-reader-text\">Facebook<\/span><\/a><\/li>\n\n<li class=\"wp-social-link wp-social-link-twitter  wp-block-social-link\"><a href=\"https:\/\/#\" class=\"wp-block-social-link-anchor\"><svg width=\"24\" height=\"24\" viewBox=\"0 0 24 24\" version=\"1.1\" xmlns=\"http:\/\/www.w3.org\/2000\/svg\" aria-hidden=\"true\" focusable=\"false\"><path d=\"M22.23,5.924c-0.736,0.326-1.527,0.547-2.357,0.646c0.847-0.508,1.498-1.312,1.804-2.27 c-0.793,0.47-1.671,0.812-2.606,0.996C18.324,4.498,17.257,4,16.077,4c-2.266,0-4.103,1.837-4.103,4.103 c0,0.322,0.036,0.635,0.106,0.935C8.67,8.867,5.647,7.234,3.623,4.751C3.27,5.357,3.067,6.062,3.067,6.814 c0,1.424,0.724,2.679,1.825,3.415c-0.673-0.021-1.305-0.206-1.859-0.513c0,0.017,0,0.034,0,0.052c0,1.988,1.414,3.647,3.292,4.023 c-0.344,0.094-0.707,0.144-1.081,0.144c-0.264,0-0.521-0.026-0.772-0.074c0.522,1.63,2.038,2.816,3.833,2.85 c-1.404,1.1-3.174,1.756-5.096,1.756c-0.331,0-0.658-0.019-0.979-0.057c1.816,1.164,3.973,1.843,6.29,1.843 c7.547,0,11.675-6.252,11.675-11.675c0-0.178-0.004-0.355-0.012-0.531C20.985,7.47,21.68,6.747,22.23,5.924z\"><\/path><\/svg><span class=\"wp-block-social-link-label screen-reader-text\">Twitter<\/span><\/a><\/li>\n\n<li class=\"wp-social-link wp-social-link-linkedin  wp-block-social-link\"><a href=\"https:\/\/instagram.com\/filivanili65?igshid=YmMyMTA2M2Y=\" class=\"wp-block-social-link-anchor\"><svg width=\"24\" height=\"24\" viewBox=\"0 0 24 24\" version=\"1.1\" xmlns=\"http:\/\/www.w3.org\/2000\/svg\" aria-hidden=\"true\" focusable=\"false\"><path d=\"M19.7,3H4.3C3.582,3,3,3.582,3,4.3v15.4C3,20.418,3.582,21,4.3,21h15.4c0.718,0,1.3-0.582,1.3-1.3V4.3 C21,3.582,20.418,3,19.7,3z M8.339,18.338H5.667v-8.59h2.672V18.338z M7.004,8.574c-0.857,0-1.549-0.694-1.549-1.548 c0-0.855,0.691-1.548,1.549-1.548c0.854,0,1.547,0.694,1.547,1.548C8.551,7.881,7.858,8.574,7.004,8.574z M18.339,18.338h-2.669 v-4.177c0-0.996-0.017-2.278-1.387-2.278c-1.389,0-1.601,1.086-1.601,2.206v4.249h-2.667v-8.59h2.559v1.174h0.037 c0.356-0.675,1.227-1.387,2.526-1.387c2.703,0,3.203,1.779,3.203,4.092V18.338z\"><\/path><\/svg><span class=\"wp-block-social-link-label screen-reader-text\">LinkedIn<\/span><\/a><\/li><\/ul>\n\n<div style=\"height:40px\" aria-hidden=\"true\" class=\"wp-block-spacer\"><\/div><\/div><\/div>\n\n<div style=\"height:40px\" aria-hidden=\"true\" class=\"wp-block-spacer\"><\/div><\/div><\/div><\/div><\/div>","protected":false},"excerpt":{"rendered":"","protected":false},"author":2,"featured_media":0,"parent":0,"menu_order":0,"comment_status":"closed","ping_status":"closed","template":"","meta":{"_acf_changed":false,"om_disable_all_campaigns":false,"_monsterinsights_skip_tracking":false,"_monsterinsights_sitenote_active":false,"_monsterinsights_sitenote_note":"","_monsterinsights_sitenote_category":0,"_uf_show_specific_survey":0,"_uf_disable_surveys":false,"footnotes":""},"class_list":["post-12","page","type-page","status-publish","hentry"],"acf":[],"aioseo_notices":[],"_links":{"self":[{"href":"https:\/\/makutano.at\/index.php\/wp-json\/wp\/v2\/pages\/12"}],"collection":[{"href":"https:\/\/makutano.at\/index.php\/wp-json\/wp\/v2\/pages"}],"about":[{"href":"https:\/\/makutano.at\/index.php\/wp-json\/wp\/v2\/types\/page"}],"author":[{"embeddable":true,"href":"https:\/\/makutano.at\/index.php\/wp-json\/wp\/v2\/users\/2"}],"replies":[{"embeddable":true,"href":"https:\/\/makutano.at\/index.php\/wp-json\/wp\/v2\/comments?post=12"}],"version-history":[{"count":9,"href":"https:\/\/makutano.at\/index.php\/wp-json\/wp\/v2\/pages\/12\/revisions"}],"predecessor-version":[{"id":185,"href":"https:\/\/makutano.at\/index.php\/wp-json\/wp\/v2\/pages\/12\/revisions\/185"}],"wp:attachment":[{"href":"https:\/\/makutano.at\/index.php\/wp-json\/wp\/v2\/media?parent=12"}],"curies":[{"name":"wp","href":"https:\/\/api.w.org\/{rel}","templated":true}]}}