{"id":63,"date":"2023-04-16T17:25:37","date_gmt":"2023-04-16T17:25:37","guid":{"rendered":"https:\/\/makutano.at\/?page_id=63"},"modified":"2023-04-16T18:46:56","modified_gmt":"2023-04-16T18:46:56","slug":"sprachkurse-2","status":"publish","type":"page","link":"https:\/\/makutano.at\/index.php\/sprachkurse-2\/","title":{"rendered":"Sprachkurse"},"content":{"rendered":"<p>Makutano bietet Sprachkurse f\u00fcr Fortgeschrittene und Anf\u00e4nger, sowie Kommunikations\u00fcbungen\/ Kiswahili Konversation an.<\/p><p>Die Gestaltung unseres Unterrichts ist vielseitig, folgt aktuellen wissenschaftlichen Erkenntnissen zum Spracherwerb und setzt Anspr\u00fcche der modernen Fremdsprachendidaktik in die Unterrichtspraxis um.<\/p><p>Besonderes Augenmerk legen wir hierbei auf folgende Aspekte: Entwicklung einer kommunikativen und pragmatischen Sprachkompetenz \u00fcber einen systematischen, progressiven Aufbau linguistischer Fertigkeiten und insbesondere \u00fcber den aktiven Gebrauch der Sprache.<\/p><p>Die Kursteilnehmer(innen) stehen im Mittelpunkt.<\/p><ul class=\"wp-block-list\"><li>Sie lernen die Sprache in einem angenehmen Lernumfeld durch Einzelarbeit, oder Partner- und Gruppenaufgaben bis hin zu Rollenspielen.<\/li>\n\n<li>Die Kurseinteilungen zielen auf die Bildung lernhomogener Gruppen. Die Unterrichtssprache ist in den Anf\u00e4ngerkursen \u00fcberwiegend, in den fortgeschrittenen Kursen ausschlie\u00dflich auf Kiswahili. Neben der selektiven Anwendung eines kurstragenden Lehrwerks bereichert die Lehrkraft den Unterricht durch erg\u00e4nzende Materialien, wie z.B. audio-visuelle Medien.<\/li><\/ul><p>Warum sollte man Kiswahili lernen?<\/p><p>Unsere Sprachkursbesucher w\u00e4hlen unsere Organisation aus folgenden Gr\u00fcnden:<\/p><ul class=\"wp-block-list\"><li>Die Sprachkompetenz anhand einer gro\u00dfen Auswahl von Kursen unterschiedlicher Niveaustufen (von Anf\u00e4nger bis Fortgeschrittenen) zu erwerben.<\/li>\n\n<li>MAKUTANO bietet auch thematische Sprachkurse (Konversation, Swahili Literatur und Kultur, Kinder-Jugendkurse)<\/li>\n\n<li>Die Unterrichtseinheiten werden von qualifizierten Muttersprachlern gehalten. Das Sprachkurssekretariat stellt Nachweise \u00fcber den Besuch der Kurse aus. Zertifikatspr\u00fcfungen werden von uns NICHT durchgef\u00fchrt.<\/li>\n\n<li>Und nicht zuletzt: Die Kurse machen Spa\u00df!<\/li><\/ul>","protected":false},"excerpt":{"rendered":"Makutano bietet Sprachkurse f\u00fcr Fortgeschrittene und Anf\u00e4nger, sowie Kommunikations\u00fcbungen\/ Kiswahili Konversation an. Die Gestaltung unseres Unterrichts ist vielseitig, folgt aktuellen wissenschaftlichen Erkenntnissen zum Spracherwerb und setzt Anspr\u00fcche der modernen Fremdsprachendidaktik in die Unterrichtspraxis um. Besonderes Augenmerk legen wir hierbei auf folgende Aspekte: Entwicklung einer kommunikativen und pragmatischen Sprachkompetenz \u00fcber einen systematischen, progressiven Aufbau linguistischer Fertigkeiten ","protected":false},"author":2,"featured_media":0,"parent":0,"menu_order":0,"comment_status":"closed","ping_status":"closed","template":"","meta":{"_acf_changed":false,"om_disable_all_campaigns":false,"_monsterinsights_skip_tracking":false,"_monsterinsights_sitenote_active":false,"_monsterinsights_sitenote_note":"","_monsterinsights_sitenote_category":0,"_uf_show_specific_survey":0,"_uf_disable_surveys":false,"footnotes":""},"class_list":["post-63","page","type-page","status-publish","hentry"],"acf":[],"aioseo_notices":[],"_links":{"self":[{"href":"https:\/\/makutano.at\/index.php\/wp-json\/wp\/v2\/pages\/63"}],"collection":[{"href":"https:\/\/makutano.at\/index.php\/wp-json\/wp\/v2\/pages"}],"about":[{"href":"https:\/\/makutano.at\/index.php\/wp-json\/wp\/v2\/types\/page"}],"author":[{"embeddable":true,"href":"https:\/\/makutano.at\/index.php\/wp-json\/wp\/v2\/users\/2"}],"replies":[{"embeddable":true,"href":"https:\/\/makutano.at\/index.php\/wp-json\/wp\/v2\/comments?post=63"}],"version-history":[{"count":3,"href":"https:\/\/makutano.at\/index.php\/wp-json\/wp\/v2\/pages\/63\/revisions"}],"predecessor-version":[{"id":107,"href":"https:\/\/makutano.at\/index.php\/wp-json\/wp\/v2\/pages\/63\/revisions\/107"}],"wp:attachment":[{"href":"https:\/\/makutano.at\/index.php\/wp-json\/wp\/v2\/media?parent=63"}],"curies":[{"name":"wp","href":"https:\/\/api.w.org\/{rel}","templated":true}]}}